{"id":8,"date":"2016-07-27T13:34:42","date_gmt":"2016-07-27T11:34:42","guid":{"rendered":"http:\/\/rogowicz.de\/?page_id=8"},"modified":"2016-10-13T08:11:22","modified_gmt":"2016-10-13T06:11:22","slug":"leistungen","status":"publish","type":"page","link":"https:\/\/rogowicz.de\/index.php\/leistungen\/","title":{"rendered":"Leistungen"},"content":{"rendered":"<h2><a href=\"http:\/\/rogowicz.de\/index.php\/leistungen\/transport\/\"><strong>Transporte<\/strong><\/a><\/h2>\n<p>z.B. Baustoffe, Palettenware<\/p>\n<h2><a href=\"http:\/\/rogowicz.de\/index.php\/leistungen\/schuettgueter\/\"><strong>Sch\u00fcttg\u00fcter<\/strong><\/a><\/h2>\n<p>z.B. Kies, Schotter, Bauzuschlagsstoffe, Asphalt, Fr\u00e4sgut<\/p>\n<h2><a href=\"http:\/\/rogowicz.de\/index.php\/leistungen\/tiefladertransporte\/\"><strong>Tiefladertransporte<\/strong><\/a><\/h2>\n<p>bis 26 t, z.B. Baumaschinen, Container<\/p>\n","protected":false},"excerpt":{"rendered":"<p>Transporte z.B. Baustoffe, Palettenware Sch\u00fcttg\u00fcter z.B. Kies, Schotter, Bauzuschlagsstoffe, Asphalt, Fr\u00e4sgut Tiefladertransporte bis 26 t, z.B. Baumaschinen, Container<\/p>\n","protected":false},"author":1,"featured_media":0,"parent":0,"menu_order":0,"comment_status":"closed","ping_status":"closed","template":"","meta":{"footnotes":""},"class_list":["post-8","page","type-page","status-publish","hentry"],"yoast_head":"<!-- This site is optimized with the Yoast SEO plugin v25.2 - https:\/\/yoast.com\/wordpress\/plugins\/seo\/ -->\n<title>Leistungen - Rogowicz<\/title>\n<meta name=\"robots\" content=\"index, follow, max-snippet:-1, max-image-preview:large, max-video-preview:-1\" \/>\n<link rel=\"canonical\" href=\"https:\/\/rogowicz.de\/index.php\/leistungen\/\" \/>\n<meta property=\"og:locale\" content=\"de_DE\" \/>\n<meta property=\"og:type\" content=\"article\" \/>\n<meta property=\"og:title\" content=\"Leistungen - Rogowicz\" \/>\n<meta property=\"og:description\" content=\"Transporte z.B. Baustoffe, Palettenware Sch\u00fcttg\u00fcter z.B. Kies, Schotter, Bauzuschlagsstoffe, Asphalt, Fr\u00e4sgut Tiefladertransporte bis 26 t, z.B. Baumaschinen, Container\" \/>\n<meta property=\"og:url\" content=\"https:\/\/rogowicz.de\/index.php\/leistungen\/\" \/>\n<meta property=\"og:site_name\" content=\"Rogowicz\" \/>\n<meta property=\"article:modified_time\" content=\"2016-10-13T06:11:22+00:00\" \/>\n<meta name=\"twitter:card\" content=\"summary_large_image\" \/>\n<script type=\"application\/ld+json\" class=\"yoast-schema-graph\">{\"@context\":\"https:\/\/schema.org\",\"@graph\":[{\"@type\":\"WebPage\",\"@id\":\"https:\/\/rogowicz.de\/index.php\/leistungen\/\",\"url\":\"https:\/\/rogowicz.de\/index.php\/leistungen\/\",\"name\":\"Leistungen - Rogowicz\",\"isPartOf\":{\"@id\":\"https:\/\/rogowicz.de\/#website\"},\"datePublished\":\"2016-07-27T11:34:42+00:00\",\"dateModified\":\"2016-10-13T06:11:22+00:00\",\"breadcrumb\":{\"@id\":\"https:\/\/rogowicz.de\/index.php\/leistungen\/#breadcrumb\"},\"inLanguage\":\"de\",\"potentialAction\":[{\"@type\":\"ReadAction\",\"target\":[\"https:\/\/rogowicz.de\/index.php\/leistungen\/\"]}]},{\"@type\":\"BreadcrumbList\",\"@id\":\"https:\/\/rogowicz.de\/index.php\/leistungen\/#breadcrumb\",\"itemListElement\":[{\"@type\":\"ListItem\",\"position\":1,\"name\":\"Startseite\",\"item\":\"https:\/\/rogowicz.de\/\"},{\"@type\":\"ListItem\",\"position\":2,\"name\":\"Leistungen\"}]},{\"@type\":\"WebSite\",\"@id\":\"https:\/\/rogowicz.de\/#website\",\"url\":\"https:\/\/rogowicz.de\/\",\"name\":\"Rogowicz\",\"description\":\"Transporte | Sch\u00fcttg\u00fcter | Tiefladertransporte\",\"potentialAction\":[{\"@type\":\"SearchAction\",\"target\":{\"@type\":\"EntryPoint\",\"urlTemplate\":\"https:\/\/rogowicz.de\/?s={search_term_string}\"},\"query-input\":{\"@type\":\"PropertyValueSpecification\",\"valueRequired\":true,\"valueName\":\"search_term_string\"}}],\"inLanguage\":\"de\"}]}<\/script>\n<!-- \/ Yoast SEO plugin. -->","yoast_head_json":{"title":"Leistungen - Rogowicz","robots":{"index":"index","follow":"follow","max-snippet":"max-snippet:-1","max-image-preview":"max-image-preview:large","max-video-preview":"max-video-preview:-1"},"canonical":"https:\/\/rogowicz.de\/index.php\/leistungen\/","og_locale":"de_DE","og_type":"article","og_title":"Leistungen - Rogowicz","og_description":"Transporte z.B. Baustoffe, Palettenware Sch\u00fcttg\u00fcter z.B. Kies, Schotter, Bauzuschlagsstoffe, Asphalt, Fr\u00e4sgut Tiefladertransporte bis 26 t, z.B. Baumaschinen, Container","og_url":"https:\/\/rogowicz.de\/index.php\/leistungen\/","og_site_name":"Rogowicz","article_modified_time":"2016-10-13T06:11:22+00:00","twitter_card":"summary_large_image","schema":{"@context":"https:\/\/schema.org","@graph":[{"@type":"WebPage","@id":"https:\/\/rogowicz.de\/index.php\/leistungen\/","url":"https:\/\/rogowicz.de\/index.php\/leistungen\/","name":"Leistungen - Rogowicz","isPartOf":{"@id":"https:\/\/rogowicz.de\/#website"},"datePublished":"2016-07-27T11:34:42+00:00","dateModified":"2016-10-13T06:11:22+00:00","breadcrumb":{"@id":"https:\/\/rogowicz.de\/index.php\/leistungen\/#breadcrumb"},"inLanguage":"de","potentialAction":[{"@type":"ReadAction","target":["https:\/\/rogowicz.de\/index.php\/leistungen\/"]}]},{"@type":"BreadcrumbList","@id":"https:\/\/rogowicz.de\/index.php\/leistungen\/#breadcrumb","itemListElement":[{"@type":"ListItem","position":1,"name":"Startseite","item":"https:\/\/rogowicz.de\/"},{"@type":"ListItem","position":2,"name":"Leistungen"}]},{"@type":"WebSite","@id":"https:\/\/rogowicz.de\/#website","url":"https:\/\/rogowicz.de\/","name":"Rogowicz","description":"Transporte | Sch\u00fcttg\u00fcter | Tiefladertransporte","potentialAction":[{"@type":"SearchAction","target":{"@type":"EntryPoint","urlTemplate":"https:\/\/rogowicz.de\/?s={search_term_string}"},"query-input":{"@type":"PropertyValueSpecification","valueRequired":true,"valueName":"search_term_string"}}],"inLanguage":"de"}]}},"_links":{"self":[{"href":"https:\/\/rogowicz.de\/index.php\/wp-json\/wp\/v2\/pages\/8","targetHints":{"allow":["GET"]}}],"collection":[{"href":"https:\/\/rogowicz.de\/index.php\/wp-json\/wp\/v2\/pages"}],"about":[{"href":"https:\/\/rogowicz.de\/index.php\/wp-json\/wp\/v2\/types\/page"}],"author":[{"embeddable":true,"href":"https:\/\/rogowicz.de\/index.php\/wp-json\/wp\/v2\/users\/1"}],"replies":[{"embeddable":true,"href":"https:\/\/rogowicz.de\/index.php\/wp-json\/wp\/v2\/comments?post=8"}],"version-history":[{"count":4,"href":"https:\/\/rogowicz.de\/index.php\/wp-json\/wp\/v2\/pages\/8\/revisions"}],"predecessor-version":[{"id":134,"href":"https:\/\/rogowicz.de\/index.php\/wp-json\/wp\/v2\/pages\/8\/revisions\/134"}],"wp:attachment":[{"href":"https:\/\/rogowicz.de\/index.php\/wp-json\/wp\/v2\/media?parent=8"}],"curies":[{"name":"wp","href":"https:\/\/api.w.org\/{rel}","templated":true}]}}